{"id":30,"date":"2024-04-25T01:28:38","date_gmt":"2024-04-25T01:28:38","guid":{"rendered":"https:\/\/maitec.com.br\/site\/?page_id=30"},"modified":"2025-06-23T15:44:40","modified_gmt":"2025-06-23T18:44:40","slug":"empresa","status":"publish","type":"page","link":"https:\/\/maitec.com.br\/site\/empresa\/","title":{"rendered":"Empresa"},"content":{"rendered":"\t\t<div data-elementor-type=\"wp-page\" data-elementor-id=\"30\" class=\"elementor elementor-30\" data-elementor-post-type=\"page\">\n\t\t\t\t<div class=\"elementor-element elementor-element-f4235cd e-flex e-con-boxed e-con e-parent\" data-id=\"f4235cd\" data-element_type=\"container\">\n\t\t\t\t\t<div class=\"e-con-inner\">\n\t\t<div class=\"elementor-element elementor-element-2451c82 e-con-full e-flex e-con e-child\" data-id=\"2451c82\" data-element_type=\"container\">\n\t\t\t\t<div class=\"elementor-element elementor-element-294922b de_scroll_animation_no elementor-widget elementor-widget-heading\" data-id=\"294922b\" data-element_type=\"widget\" data-widget_type=\"heading.default\">\n\t\t\t\t<div class=\"elementor-widget-container\">\n\t\t\t\t\t<h2 class=\"elementor-heading-title elementor-size-default\">Sin\u00f4nimo de qualidade e inova\u00e7\u00e3o no mercado de Fornos e Equipamentos para alta temperatura.<\/h2>\t\t\t\t<\/div>\n\t\t\t\t<\/div>\n\t\t<div class=\"elementor-element elementor-element-d363d5e e-con-full e-flex e-con e-child\" data-id=\"d363d5e\" data-element_type=\"container\">\n\t\t\t\t<div class=\"elementor-element elementor-element-b433c48 de_scroll_animation_no elementor-widget elementor-widget-text-editor\" data-id=\"b433c48\" data-element_type=\"widget\" data-widget_type=\"text-editor.default\">\n\t\t\t\t<div class=\"elementor-widget-container\">\n\t\t\t\t\t\t\t\t\t\n<p>A Maitec Materiais Industriais T\u00e9cnicos atua desde 1988 com tecnologia de ponta no desenvolvimento de Fornos e Equipamentos para alta temperatura usados em tratamento t\u00e9rmico e transforma\u00e7\u00e3o de materiais. Nossa miss\u00e3o \u00e9 fornecer solu\u00e7\u00f5es de alta qualidade e performance, atendendo \u00e0s necessidades espec\u00edficas de cada cliente.<\/p>\n\t\t\t\t\t\t\t\t<\/div>\n\t\t\t\t<\/div>\n\t\t\t\t<div class=\"elementor-element elementor-element-b52fb5c de_scroll_animation_no elementor-widget elementor-widget-text-editor\" data-id=\"b52fb5c\" data-element_type=\"widget\" data-widget_type=\"text-editor.default\">\n\t\t\t\t<div class=\"elementor-widget-container\">\n\t\t\t\t\t\t\t\t\t\n<p>Ao longo dos anos, a Maitec se consolidou como refer\u00eancia no mercado nacional, combinando produtos de alta qualidade com atendimento diferenciado e suporte t\u00e9cnico especializado. Investimos constantemente em pesquisa e desenvolvimento, colaborando com institui\u00e7\u00f5es acad\u00eamicas e de pesquisa para manter-nos na vanguarda das tecnologias de tratamento t\u00e9rmico.<\/p>\n\t\t\t\t\t\t\t\t<\/div>\n\t\t\t\t<\/div>\n\t\t\t\t<\/div>\n\t\t\t\t<\/div>\n\t\t<div class=\"elementor-element elementor-element-47e0687 e-con-full e-flex e-con e-child\" data-id=\"47e0687\" data-element_type=\"container\" data-settings=\"{&quot;background_background&quot;:&quot;classic&quot;}\">\n\t\t\t\t<div class=\"elementor-element elementor-element-62a4830 de_scroll_animation_no elementor-widget elementor-widget-spacer\" data-id=\"62a4830\" data-element_type=\"widget\" data-widget_type=\"spacer.default\">\n\t\t\t\t<div class=\"elementor-widget-container\">\n\t\t\t\t\t\t\t<div class=\"elementor-spacer\">\n\t\t\t<div class=\"elementor-spacer-inner\"><\/div>\n\t\t<\/div>\n\t\t\t\t\t\t<\/div>\n\t\t\t\t<\/div>\n\t\t\t\t<\/div>\n\t\t\t\t\t<\/div>\n\t\t\t\t<\/div>\n\t\t<div class=\"elementor-element elementor-element-0a017c1 e-flex e-con-boxed e-con e-parent\" data-id=\"0a017c1\" data-element_type=\"container\">\n\t\t\t\t\t<div class=\"e-con-inner\">\n\t\t<div class=\"elementor-element elementor-element-6e76986 e-con-full e-flex e-con e-child\" data-id=\"6e76986\" data-element_type=\"container\">\n\t\t\t\t<div class=\"elementor-element elementor-element-20b170f de_scroll_animation_no elementor-widget elementor-widget-google_maps\" data-id=\"20b170f\" data-element_type=\"widget\" data-widget_type=\"google_maps.default\">\n\t\t\t\t<div class=\"elementor-widget-container\">\n\t\t\t\t\t\t\t<div class=\"elementor-custom-embed\">\n\t\t\t<iframe loading=\"lazy\"\n\t\t\t\t\tsrc=\"https:\/\/maps.google.com\/maps?q=Maitec%20S%C3%A3o%20Carlos&#038;t=m&#038;z=13&#038;output=embed&#038;iwloc=near\"\n\t\t\t\t\ttitle=\"Maitec S\u00e3o Carlos\"\n\t\t\t\t\taria-label=\"Maitec S\u00e3o Carlos\"\n\t\t\t><\/iframe>\n\t\t<\/div>\n\t\t\t\t\t\t<\/div>\n\t\t\t\t<\/div>\n\t\t\t\t<\/div>\n\t\t<div class=\"elementor-element elementor-element-d0090f3 e-con-full e-flex e-con e-child\" data-id=\"d0090f3\" data-element_type=\"container\">\n\t\t\t\t<div class=\"elementor-element elementor-element-42ad0f1 de_scroll_animation_no elementor-widget elementor-widget-text-editor\" data-id=\"42ad0f1\" data-element_type=\"widget\" data-widget_type=\"text-editor.default\">\n\t\t\t\t<div class=\"elementor-widget-container\">\n\t\t\t\t\t\t\t\t\t\n<p>Estamos localizados na cidade de S\u00e3o Carlos, um munic\u00edpio reconhecido pela excel\u00eancia de seu parque empresarial e pela forte presen\u00e7a de empresas de base tecnol\u00f3gica. S\u00e3o Carlos tamb\u00e9m abriga duas Universidades de reconhecimento internacional \u2014 USP e UFSCar.<\/p>\n<p>A localiza\u00e7\u00e3o privilegiada em S\u00e3o Carlos permite \u00e0 Maitec uma integra\u00e7\u00e3o estreita com esses renomados centros de ensino e pesquisa, favorecendo a constante atualiza\u00e7\u00e3o e desenvolvimento de novas tecnologias. Esse ambiente prop\u00edcio \u00e0 inova\u00e7\u00e3o nos permite manter um alto padr\u00e3o de qualidade e performance em nossos produtos, sempre alinhados \u00e0s demandas do mercado e \u00e0s necessidades de nossos clientes.<\/p>\n\t\t\t\t\t\t\t\t<\/div>\n\t\t\t\t<\/div>\n\t\t\t\t<\/div>\n\t\t\t\t\t<\/div>\n\t\t\t\t<\/div>\n\t\t<div class=\"elementor-element elementor-element-2700026 e-flex e-con-boxed e-con e-parent\" data-id=\"2700026\" data-element_type=\"container\">\n\t\t\t\t\t<div class=\"e-con-inner\">\n\t\t\t\t<div class=\"elementor-element elementor-element-ca3b77d de_scroll_animation_no elementor-widget elementor-widget-menu-anchor\" data-id=\"ca3b77d\" data-element_type=\"widget\" data-widget_type=\"menu-anchor.default\">\n\t\t\t\t<div class=\"elementor-widget-container\">\n\t\t\t\t\t\t\t<div class=\"elementor-menu-anchor\" id=\"posicionamento\"><\/div>\n\t\t\t\t\t\t<\/div>\n\t\t\t\t<\/div>\n\t\t<div class=\"elementor-element elementor-element-3fabe9e e-con-full e-flex e-con e-child\" data-id=\"3fabe9e\" data-element_type=\"container\">\n\t\t<div class=\"elementor-element elementor-element-855f98e e-con-full e-flex e-con e-child\" data-id=\"855f98e\" data-element_type=\"container\">\n\t\t\t\t<div class=\"elementor-element elementor-element-dcd5b7b de_scroll_animation_no elementor-widget elementor-widget-heading\" data-id=\"dcd5b7b\" data-element_type=\"widget\" data-widget_type=\"heading.default\">\n\t\t\t\t<div class=\"elementor-widget-container\">\n\t\t\t\t\t<h2 class=\"elementor-heading-title elementor-size-default\">Posicionamento<\/h2>\t\t\t\t<\/div>\n\t\t\t\t<\/div>\n\t\t\t\t<div class=\"elementor-element elementor-element-63cb3d0 de_scroll_animation_no elementor-widget elementor-widget-text-editor\" data-id=\"63cb3d0\" data-element_type=\"widget\" data-widget_type=\"text-editor.default\">\n\t\t\t\t<div class=\"elementor-widget-container\">\n\t\t\t\t\t\t\t\t\t\n<p>Nos destacamos no mercado pela nossa capacidade de desenvolver equipamentos de alta qualidade e performance, sempre focados em atender \u00e0s necessidades espec\u00edficas de cada cliente. Nosso compromisso com a qualidade, o pre\u00e7o justo e a pontualidade nos permite manter um relacionamento s\u00f3lido e de confian\u00e7a com nossos clientes.<\/p>\n\t\t\t\t\t\t\t\t<\/div>\n\t\t\t\t<\/div>\n\t\t\t\t<\/div>\n\t\t<div class=\"elementor-element elementor-element-f43b247 e-con-full e-flex e-con e-child\" data-id=\"f43b247\" data-element_type=\"container\">\n\t\t\t\t<div class=\"elementor-element elementor-element-5981f8a de_scroll_animation_no elementor-widget elementor-widget-n-accordion\" data-id=\"5981f8a\" data-element_type=\"widget\" data-settings=\"{&quot;default_state&quot;:&quot;all_collapsed&quot;,&quot;max_items_expended&quot;:&quot;one&quot;,&quot;n_accordion_animation_duration&quot;:{&quot;unit&quot;:&quot;ms&quot;,&quot;size&quot;:400,&quot;sizes&quot;:[]}}\" data-widget_type=\"nested-accordion.default\">\n\t\t\t\t<div class=\"elementor-widget-container\">\n\t\t\t\t\t\t\t<div class=\"e-n-accordion\" aria-label=\"Accordion. Open links with Enter or Space, close with Escape, and navigate with Arrow Keys\">\n\t\t\t\t\t\t<details id=\"e-n-accordion-item-9380\" class=\"e-n-accordion-item\" >\n\t\t\t\t<summary class=\"e-n-accordion-item-title\" data-accordion-index=\"1\" tabindex=\"0\" aria-expanded=\"false\" aria-controls=\"e-n-accordion-item-9380\" >\n\t\t\t\t\t<span class='e-n-accordion-item-title-header'><div class=\"e-n-accordion-item-title-text\"> Qualidade <\/div><\/span>\n\t\t\t\t\t\t\t<span class='e-n-accordion-item-title-icon'>\n\t\t\t<span class='e-opened' ><svg aria-hidden=\"true\" class=\"e-font-icon-svg e-fas-angle-up\" viewBox=\"0 0 320 512\" xmlns=\"http:\/\/www.w3.org\/2000\/svg\"><path d=\"M177 159.7l136 136c9.4 9.4 9.4 24.6 0 33.9l-22.6 22.6c-9.4 9.4-24.6 9.4-33.9 0L160 255.9l-96.4 96.4c-9.4 9.4-24.6 9.4-33.9 0L7 329.7c-9.4-9.4-9.4-24.6 0-33.9l136-136c9.4-9.5 24.6-9.5 34-.1z\"><\/path><\/svg><\/span>\n\t\t\t<span class='e-closed'><svg aria-hidden=\"true\" class=\"e-font-icon-svg e-fas-angle-down\" viewBox=\"0 0 320 512\" xmlns=\"http:\/\/www.w3.org\/2000\/svg\"><path d=\"M143 352.3L7 216.3c-9.4-9.4-9.4-24.6 0-33.9l22.6-22.6c9.4-9.4 24.6-9.4 33.9 0l96.4 96.4 96.4-96.4c9.4-9.4 24.6-9.4 33.9 0l22.6 22.6c9.4 9.4 9.4 24.6 0 33.9l-136 136c-9.2 9.4-24.4 9.4-33.8 0z\"><\/path><\/svg><\/span>\n\t\t<\/span>\n\n\t\t\t\t\t\t<\/summary>\n\t\t\t\t<div role=\"region\" aria-labelledby=\"e-n-accordion-item-9380\" class=\"elementor-element elementor-element-085cb9f e-con-full e-flex e-con e-child\" data-id=\"085cb9f\" data-element_type=\"container\" data-settings=\"{&quot;background_background&quot;:&quot;classic&quot;}\">\n\t\t\t\t<div class=\"elementor-element elementor-element-3078a43 de_scroll_animation_no elementor-widget elementor-widget-heading\" data-id=\"3078a43\" data-element_type=\"widget\" data-widget_type=\"heading.default\">\n\t\t\t\t<div class=\"elementor-widget-container\">\n\t\t\t\t\t<span class=\"elementor-heading-title elementor-size-default\">Garantimos equipamentos de excel\u00eancia que proporcionam alta performance e durabilidade, assegurando a satisfa\u00e7\u00e3o total dos nossos clientes.<\/span>\t\t\t\t<\/div>\n\t\t\t\t<\/div>\n\t\t\t\t<\/div>\n\t\t\t\t\t<\/details>\n\t\t\t\t\t\t<details id=\"e-n-accordion-item-9381\" class=\"e-n-accordion-item\" >\n\t\t\t\t<summary class=\"e-n-accordion-item-title\" data-accordion-index=\"2\" tabindex=\"-1\" aria-expanded=\"false\" aria-controls=\"e-n-accordion-item-9381\" >\n\t\t\t\t\t<span class='e-n-accordion-item-title-header'><div class=\"e-n-accordion-item-title-text\"> Pre\u00e7o Justo <\/div><\/span>\n\t\t\t\t\t\t\t<span class='e-n-accordion-item-title-icon'>\n\t\t\t<span class='e-opened' ><svg aria-hidden=\"true\" class=\"e-font-icon-svg e-fas-angle-up\" viewBox=\"0 0 320 512\" xmlns=\"http:\/\/www.w3.org\/2000\/svg\"><path d=\"M177 159.7l136 136c9.4 9.4 9.4 24.6 0 33.9l-22.6 22.6c-9.4 9.4-24.6 9.4-33.9 0L160 255.9l-96.4 96.4c-9.4 9.4-24.6 9.4-33.9 0L7 329.7c-9.4-9.4-9.4-24.6 0-33.9l136-136c9.4-9.5 24.6-9.5 34-.1z\"><\/path><\/svg><\/span>\n\t\t\t<span class='e-closed'><svg aria-hidden=\"true\" class=\"e-font-icon-svg e-fas-angle-down\" viewBox=\"0 0 320 512\" xmlns=\"http:\/\/www.w3.org\/2000\/svg\"><path d=\"M143 352.3L7 216.3c-9.4-9.4-9.4-24.6 0-33.9l22.6-22.6c9.4-9.4 24.6-9.4 33.9 0l96.4 96.4 96.4-96.4c9.4-9.4 24.6-9.4 33.9 0l22.6 22.6c9.4 9.4 9.4 24.6 0 33.9l-136 136c-9.2 9.4-24.4 9.4-33.8 0z\"><\/path><\/svg><\/span>\n\t\t<\/span>\n\n\t\t\t\t\t\t<\/summary>\n\t\t\t\t<div role=\"region\" aria-labelledby=\"e-n-accordion-item-9381\" class=\"elementor-element elementor-element-2a99f2f e-con-full e-flex e-con e-child\" data-id=\"2a99f2f\" data-element_type=\"container\" data-settings=\"{&quot;background_background&quot;:&quot;classic&quot;}\">\n\t\t\t\t<div class=\"elementor-element elementor-element-93f5cb6 de_scroll_animation_no elementor-widget elementor-widget-heading\" data-id=\"93f5cb6\" data-element_type=\"widget\" data-widget_type=\"heading.default\">\n\t\t\t\t<div class=\"elementor-widget-container\">\n\t\t\t\t\t<span class=\"elementor-heading-title elementor-size-default\">Oferecemos solu\u00e7\u00f5es competitivas, aliando qualidade e custo-benef\u00edcio para que nossos clientes tenham acesso \u00e0s melhores tecnologias sem comprometer seu or\u00e7amento.<\/span>\t\t\t\t<\/div>\n\t\t\t\t<\/div>\n\t\t\t\t<\/div>\n\t\t\t\t\t<\/details>\n\t\t\t\t\t\t<details id=\"e-n-accordion-item-9382\" class=\"e-n-accordion-item\" >\n\t\t\t\t<summary class=\"e-n-accordion-item-title\" data-accordion-index=\"3\" tabindex=\"-1\" aria-expanded=\"false\" aria-controls=\"e-n-accordion-item-9382\" >\n\t\t\t\t\t<span class='e-n-accordion-item-title-header'><div class=\"e-n-accordion-item-title-text\"> Pontualidade <\/div><\/span>\n\t\t\t\t\t\t\t<span class='e-n-accordion-item-title-icon'>\n\t\t\t<span class='e-opened' ><svg aria-hidden=\"true\" class=\"e-font-icon-svg e-fas-angle-up\" viewBox=\"0 0 320 512\" xmlns=\"http:\/\/www.w3.org\/2000\/svg\"><path d=\"M177 159.7l136 136c9.4 9.4 9.4 24.6 0 33.9l-22.6 22.6c-9.4 9.4-24.6 9.4-33.9 0L160 255.9l-96.4 96.4c-9.4 9.4-24.6 9.4-33.9 0L7 329.7c-9.4-9.4-9.4-24.6 0-33.9l136-136c9.4-9.5 24.6-9.5 34-.1z\"><\/path><\/svg><\/span>\n\t\t\t<span class='e-closed'><svg aria-hidden=\"true\" class=\"e-font-icon-svg e-fas-angle-down\" viewBox=\"0 0 320 512\" xmlns=\"http:\/\/www.w3.org\/2000\/svg\"><path d=\"M143 352.3L7 216.3c-9.4-9.4-9.4-24.6 0-33.9l22.6-22.6c9.4-9.4 24.6-9.4 33.9 0l96.4 96.4 96.4-96.4c9.4-9.4 24.6-9.4 33.9 0l22.6 22.6c9.4 9.4 9.4 24.6 0 33.9l-136 136c-9.2 9.4-24.4 9.4-33.8 0z\"><\/path><\/svg><\/span>\n\t\t<\/span>\n\n\t\t\t\t\t\t<\/summary>\n\t\t\t\t<div role=\"region\" aria-labelledby=\"e-n-accordion-item-9382\" class=\"elementor-element elementor-element-bcbc413 e-con-full e-flex e-con e-child\" data-id=\"bcbc413\" data-element_type=\"container\" data-settings=\"{&quot;background_background&quot;:&quot;classic&quot;}\">\n\t\t\t\t<div class=\"elementor-element elementor-element-0c45453 de_scroll_animation_no elementor-widget elementor-widget-heading\" data-id=\"0c45453\" data-element_type=\"widget\" data-widget_type=\"heading.default\">\n\t\t\t\t<div class=\"elementor-widget-container\">\n\t\t\t\t\t<span class=\"elementor-heading-title elementor-size-default\">Cumprimos rigorosamente nossos prazos de entrega, garantindo que nossos clientes possam contar com a Maitec para manter a efici\u00eancia de seus processos produtivos.<\/span>\t\t\t\t<\/div>\n\t\t\t\t<\/div>\n\t\t\t\t<\/div>\n\t\t\t\t\t<\/details>\n\t\t\t\t\t<\/div>\n\t\t\t\t\t\t<\/div>\n\t\t\t\t<\/div>\n\t\t\t\t<\/div>\n\t\t\t\t<\/div>\n\t\t\t\t\t<\/div>\n\t\t\t\t<\/div>\n\t\t<div class=\"elementor-element elementor-element-c36770a e-flex e-con-boxed e-con e-parent\" data-id=\"c36770a\" data-element_type=\"container\">\n\t\t\t\t\t<div class=\"e-con-inner\">\n\t\t\t\t<div class=\"elementor-element elementor-element-ce0bb93 de_scroll_animation_no elementor-widget elementor-widget-menu-anchor\" data-id=\"ce0bb93\" data-element_type=\"widget\" data-widget_type=\"menu-anchor.default\">\n\t\t\t\t<div class=\"elementor-widget-container\">\n\t\t\t\t\t\t\t<div class=\"elementor-menu-anchor\" id=\"produtos\"><\/div>\n\t\t\t\t\t\t<\/div>\n\t\t\t\t<\/div>\n\t\t<div class=\"elementor-element elementor-element-3b66125 e-con-full e-flex e-con e-child\" data-id=\"3b66125\" data-element_type=\"container\">\n\t\t\t\t<div class=\"elementor-element elementor-element-25511fb de_scroll_animation_no elementor-widget elementor-widget-heading\" data-id=\"25511fb\" data-element_type=\"widget\" data-widget_type=\"heading.default\">\n\t\t\t\t<div class=\"elementor-widget-container\">\n\t\t\t\t\t<h2 class=\"elementor-heading-title elementor-size-default\">Produtos<\/h2>\t\t\t\t<\/div>\n\t\t\t\t<\/div>\n\t\t\t\t<div class=\"elementor-element elementor-element-81d43b3 de_scroll_animation_no elementor-widget elementor-widget-text-editor\" data-id=\"81d43b3\" data-element_type=\"widget\" data-widget_type=\"text-editor.default\">\n\t\t\t\t<div class=\"elementor-widget-container\">\n\t\t\t\t\t\t\t\t\t\n<p>Produzimos equipamentos de alta qualidade para transforma\u00e7\u00e3o de materiais que requerem altas temperaturas no processo de transforma\u00e7\u00e3o, trabalhando com temperaturas que variam de 100\u00baC a 1.800\u00baC. Al\u00e9m disso, estamos em desenvolvimento de fornos que alcan\u00e7am at\u00e9 2.000\u00baC, utilizando materiais como grafite e molibd\u00eanio. Cada equipamento \u00e9 projetado e desenvolvido de acordo com a necessidade do cliente, garantindo solu\u00e7\u00f5es personalizadas e eficientes.<\/p>\n<p>Nossa linha de produtos inclui equipamentos e fornos especialmente direcionados para laborat\u00f3rios de pesquisa. Desenvolvemos sistemas para a obten\u00e7\u00e3o de diversos produtos de alta tecnologia e equipamentos para v\u00e1rios ensaios de caracteriza\u00e7\u00e3o t\u00e9cnica, conforme normas como ASTM e ABNT. Nossos produtos atendem a laborat\u00f3rios de ind\u00fastrias cer\u00e2mica, metalurgia e qu\u00edmica, oferecendo solu\u00e7\u00f5es avan\u00e7adas para diversos setores da pesquisa e desenvolvimento industrial.<\/p>\n\t\t\t\t\t\t\t\t<\/div>\n\t\t\t\t<\/div>\n\t\t\t\t<\/div>\n\t\t\t\t\t<\/div>\n\t\t\t\t<\/div>\n\t\t<div class=\"elementor-element elementor-element-b78973d e-flex e-con-boxed e-con e-parent\" data-id=\"b78973d\" data-element_type=\"container\">\n\t\t\t\t\t<div class=\"e-con-inner\">\n\t\t\t\t<div class=\"elementor-element elementor-element-bc6286f de_scroll_animation_no elementor-widget elementor-widget-menu-anchor\" data-id=\"bc6286f\" data-element_type=\"widget\" data-widget_type=\"menu-anchor.default\">\n\t\t\t\t<div class=\"elementor-widget-container\">\n\t\t\t\t\t\t\t<div class=\"elementor-menu-anchor\" id=\"garantia\"><\/div>\n\t\t\t\t\t\t<\/div>\n\t\t\t\t<\/div>\n\t\t<div class=\"elementor-element elementor-element-e668724 e-con-full e-flex e-con e-child\" data-id=\"e668724\" data-element_type=\"container\">\n\t\t\t\t<div class=\"elementor-element elementor-element-7305df9 de_scroll_animation_no elementor-widget elementor-widget-heading\" data-id=\"7305df9\" data-element_type=\"widget\" data-widget_type=\"heading.default\">\n\t\t\t\t<div class=\"elementor-widget-container\">\n\t\t\t\t\t<h2 class=\"elementor-heading-title elementor-size-default\">Garantia<\/h2>\t\t\t\t<\/div>\n\t\t\t\t<\/div>\n\t\t\t\t<div class=\"elementor-element elementor-element-1047310 de_scroll_animation_no elementor-widget elementor-widget-text-editor\" data-id=\"1047310\" data-element_type=\"widget\" data-widget_type=\"text-editor.default\">\n\t\t\t\t<div class=\"elementor-widget-container\">\n\t\t\t\t\t\t\t\t\t\n<p>Todos os equipamentos s\u00e3o produzidos com a utiliza\u00e7\u00e3o de tecnologia e desempenho assegurando aos mesmos a qualidade desejada e a seguran\u00e7a exigida pelos nossos clientes.<\/p>\n\t\t\t\t\t\t\t\t<\/div>\n\t\t\t\t<\/div>\n\t\t\t\t<\/div>\n\t\t\t\t\t<\/div>\n\t\t\t\t<\/div>\n\t\t\t\t<\/div>\n\t\t","protected":false},"excerpt":{"rendered":"<p>Sin\u00f4nimo de qualidade e inova\u00e7\u00e3o no mercado de Fornos e Equipamentos para alta temperatura. A Maitec Materiais Industriais T\u00e9cnicos atua desde 1988 com tecnologia de ponta no desenvolvimento de Fornos e Equipamentos para alta temperatura usados em tratamento t\u00e9rmico e transforma\u00e7\u00e3o de materiais. Nossa miss\u00e3o \u00e9 fornecer solu\u00e7\u00f5es de alta qualidade e performance, atendendo \u00e0s [&hellip;]<\/p>\n","protected":false},"author":1,"featured_media":895,"parent":0,"menu_order":0,"comment_status":"closed","ping_status":"closed","template":"elementor_theme","meta":{"footnotes":""},"class_list":["post-30","page","type-page","status-publish","has-post-thumbnail","hentry"],"_links":{"self":[{"href":"https:\/\/maitec.com.br\/site\/wp-json\/wp\/v2\/pages\/30","targetHints":{"allow":["GET"]}}],"collection":[{"href":"https:\/\/maitec.com.br\/site\/wp-json\/wp\/v2\/pages"}],"about":[{"href":"https:\/\/maitec.com.br\/site\/wp-json\/wp\/v2\/types\/page"}],"author":[{"embeddable":true,"href":"https:\/\/maitec.com.br\/site\/wp-json\/wp\/v2\/users\/1"}],"replies":[{"embeddable":true,"href":"https:\/\/maitec.com.br\/site\/wp-json\/wp\/v2\/comments?post=30"}],"version-history":[{"count":51,"href":"https:\/\/maitec.com.br\/site\/wp-json\/wp\/v2\/pages\/30\/revisions"}],"predecessor-version":[{"id":919,"href":"https:\/\/maitec.com.br\/site\/wp-json\/wp\/v2\/pages\/30\/revisions\/919"}],"wp:featuredmedia":[{"embeddable":true,"href":"https:\/\/maitec.com.br\/site\/wp-json\/wp\/v2\/media\/895"}],"wp:attachment":[{"href":"https:\/\/maitec.com.br\/site\/wp-json\/wp\/v2\/media?parent=30"}],"curies":[{"name":"wp","href":"https:\/\/api.w.org\/{rel}","templated":true}]}}